{"id":3420,"date":"2016-07-22T08:29:16","date_gmt":"2016-07-22T08:29:16","guid":{"rendered":"http:\/\/www.robertobolle.com\/it\/?page_id=3420"},"modified":"2018-05-25T12:33:35","modified_gmt":"2018-05-25T12:33:35","slug":"privacypolicy","status":"publish","type":"page","link":"https:\/\/robertobolle.com\/it\/privacypolicy\/","title":{"rendered":"Privacy Policy"},"content":{"rendered":"<h1>Privacy Policy di <b>www.robertobolle.com<\/b><\/h1>\n<p>Informativa ai sensi del REGOLAMENTO (UE) 2016\/679 DEL PARLAMENTO EUROPEO E DEL CONSIGLIO del 27 aprile 2016, relativo alla protezione delle persone fisiche con riguardo al trattamento dei dati personali, nonch\u00e9 alla libera circolazione di tali dati e che abroga la direttiva 95\/46\/CE.<\/p>\n<p><b>Tipologie di Dati raccolti<\/b><\/p>\n<p>Fra i Dati Personali raccolti da questa Applicazione web, in modo autonomo o tramite terze parti, ci sono: Cookie, Dati di utilizzo, nome, indirizzo, numero di telefono e email.<\/p>\n<p>Dettagli completi su ciascuna tipologia di dati raccolti sono forniti nelle sezioni dedicate di questa privacy policy o mediante specifici testi informativi visualizzati prima della raccolta dei dati stessi.<\/p>\n<p>I Dati Personali possono essere liberamente forniti dall&#8217;Utente o, nel caso di Dati di Utilizzo, raccolti automaticamente durante l&#8217;uso di questa Applicazione.<\/p>\n<p>Se non diversamente specificato, tutti i Dati richiesti da questa Applicazione sono obbligatori. Se l\u2019Utente rifiuta di comunicarli, potrebbe essere impossibile per questa Applicazione fornire il Servizio. Nei casi in cui questa Applicazione indichi alcuni Dati come facoltativi, gli Utenti sono liberi di astenersi dal comunicare tali Dati, senza che ci\u00f2 abbia alcuna conseguenza sulla disponibilit\u00e0 del Servizio o sulla sua operativit\u00e0.<\/p>\n<p>Gli Utenti che dovessero avere dubbi su quali Dati siano obbligatori, sono incoraggiati a contattare il Titolare.<\/p>\n<p>L\u2019eventuale utilizzo di Cookie &#8211; o di altri strumenti di tracciamento &#8211; da parte di questa Applicazione o dei titolari dei servizi terzi utilizzati da questa Applicazione, ove non diversamente precisato, ha la finalit\u00e0 di fornire il Servizio richiesto dall&#8217;Utente, oltre alle ulteriori finalit\u00e0 descritte nel presente documento.<\/p>\n<p>L&#8217;Utente si assume la responsabilit\u00e0 dei Dati Personali di terzi ottenuti, pubblicati o condivisi mediante questa Applicazione e garantisce di avere il diritto di comunicarli o diffonderli, liberando il Titolare da qualsiasi responsabilit\u00e0 verso terzi.<\/p>\n<p><b>Cookies<\/b><\/p>\n<p><b>Legge UE<\/b><\/p>\n<p>Secondo l\u2019attuale legislazione dell\u2019UE, tutti i gestori di siti Internet sono tenuti a informare gli utenti se, quando e quali cookie vengono utilizzati, e ad ottenere il consenso degli utenti all\u2019utilizzo di detti cookie. La presente informativa sui cookie fornisce una panoramica riassuntiva su come robertobolle.com utilizza i cookie sul proprio sito web.<\/p>\n<p><b>Cosa sono i Cookie ?<\/b><\/p>\n<p>I cookie sono piccoli file di test che i siti internet visitati inviano al proprio terminale (computer, laptop, smartphone, tablet), dove vengono memorizzati. I cookie vengono salvati nella directory del browser. Ad ogni visita successiva del sito in questione, il browser invia nuovamente i cookie al sito stesso, in modo che quest\u2019ultimo riconosca il terminale, migliorando cos\u00ec l\u2019esperienza di utilizzo dell\u2019utente ad ogni successiva visita del sito.<\/p>\n<p><b>Quali tipi di cookie esistono?<\/b><\/p>\n<p>I cookie vengono di norma classificati nelle seguenti categorie:<\/p>\n<p>Cookie di prime parti: sono i cookie impostati dal sito internet visitato dall\u2019utente, ad esempio quelli impostati da robertobolle.com quando si visita il sito.<\/p>\n<p>Cookie di terze parti: sono i cookie impostati da un dominio diverso dal sito internet visitato dall\u2019utente.<\/p>\n<p>Cookie di sessione: sono attivi solamente durante una sessione del browser. Permettono la connessione di tutte le attivit\u00e0 effettuate dall\u2019utente durante la sessione del browser. I cookie di sessione vengono cancellati quando il browser viene chiuso.<\/p>\n<p>Cookie permanenti: rimangono nel PC anche dopo la fine della sessione del browser. Vengono riattivati ad ogni visita successiva del sito da cui provengono, e rimangono per un tempo prolungato sul disco fisso del terminale. I cookie permanenti possono rimanere nel computer per giorni, mesi o persino anni.<\/p>\n<p><b>Quali categorie di cookie vengono impiegati da robertobolle.com, e per quali scopi ?<\/b><\/p>\n<p>robertobolle.com utilizza esclusivamente i cookie fondamentali per permettere all\u2019utente la migliore esperienza di utilizzo possibile, ad es. per tenere conto del tempo di caricamento delle pagine o capire quelle pi\u00f9 visitate cos\u00ec da ottimizzarle.<\/p>\n<p><b>robertobolle.com utilizza le seguenti categorie di cookie per gli scopi illustrati qui di seguito:<\/b><\/p>\n<ul>\n<li>Cookie assolutamente necessari: robertobolle.com utilizza cookie assolutamente necessari al funzionamento regolare del suo sito, senza i quali non sarebbe possibile offrire determinate funzioni sul sito robertobolle.com.<\/li>\n<li>Performance \/ analisi: robertobolle.com raccoglie informazioni su come gli utenti utilizzano il sito, ad es. quali pagine vengono visitate pi\u00f9 spesso e quali errori si verificano eventualmente a questo proposito. Dette analisi dei profili ci aiutano a riconoscere l\u2019efficacia dei contenuti offerti e le eventuali possibilit\u00e0 di ulteriore miglioramento della performance del sito.<\/li>\n<li>Preferenze: robertobolle.com utilizza i dati e le impostazioni dei propri clienti esclusivamente allo scopo del corretto funzionamento dell\u2019e-commerce<\/li>\n<li>Sicurezza: robertobolle.com utilizza i cookie per attuare meccanismi di sicurezza e riconoscere eventuali attivit\u00e0 pericolose per la sicurezza in rete.<\/li>\n<\/ul>\n<p><b>Modalit\u00e0 e luogo del trattamento dei Dati raccolti<\/b><\/p>\n<p><b>Modalit\u00e0 di trattamento<\/b><\/p>\n<p>Il Titolare adotta le opportune misure di sicurezza volte ad impedire l\u2019accesso, la divulgazione, la modifica o la distruzione non autorizzate dei Dati Personali.<span class=\"Apple-converted-space\">\u00a0<\/span><\/p>\n<p>Il trattamento viene effettuato mediante strumenti informatici e\/o telematici, con modalit\u00e0 organizzative e con logiche strettamente correlate alle finalit\u00e0 indicate. Oltre al Titolare, in alcuni casi, potrebbero avere accesso ai Dati altri soggetti coinvolti nell\u2019organizzazione di questa Applicazione (personale amministrativo, commerciale, marketing, legali, amministratori di sistema) ovvero soggetti esterni (come fornitori di servizi tecnici terzi, corrieri postali, hosting provider, societ\u00e0 informatiche, agenzie di comunicazione). L\u2019elenco aggiornato potr\u00e0 sempre essere richiesto al Titolare del Trattamento.<\/p>\n<p><b>Base giuridica del trattamento<\/b><\/p>\n<p>Il Titolare tratta Dati Personali relativi all\u2019Utente in caso sussista una delle seguenti condizioni:<\/p>\n<ul>\n<li>l\u2019Utente ha prestato il consenso per una o pi\u00f9 finalit\u00e0 specifiche; Nota: in alcuni ordinamenti il Titolare pu\u00f2 essere autorizzato a trattare Dati Personali senza che debba sussistere il consenso dell\u2019Utente o un\u2019altra delle basi giuridiche specificate di seguito, fino a quando l\u2019Utente non si opponga (\u201copt-out\u201d) a tale trattamento. Ci\u00f2 non \u00e8 tuttavia applicabile qualora il trattamento di Dati Personali sia regolato dalla legislazione europea in materia di protezione dei Dati Personali;<\/li>\n<li>il trattamento \u00e8 necessario all&#8217;esecuzione di un contratto con l\u2019Utente e\/o all&#8217;esecuzione di misure precontrattuali;<\/li>\n<li>il trattamento \u00e8 necessario per adempiere un obbligo legale al quale \u00e8 soggetto il Titolare;<\/li>\n<li>il trattamento \u00e8 necessario per l&#8217;esecuzione di un compito di interesse pubblico o per l&#8217;esercizio di pubblici poteri di cui \u00e8 investito il Titolare;<\/li>\n<li>il trattamento \u00e8 necessario per il perseguimento del legittimo interesse del Titolare o di terzi.<\/li>\n<\/ul>\n<p>E\u2019 comunque sempre possibile richiedere al Titolare di chiarire la concreta base giuridica di ciascun trattamento ed in particolare di specificare se il trattamento sia basato sulla legge, previsto da un contratto o necessario per concludere un contratto.<\/p>\n<p><b>Luogo<\/b><\/p>\n<p>I Dati sono trattati presso le sedi operative del Titolare ed in ogni altro luogo in cui le parti coinvolte nel trattamento siano localizzate. Per ulteriori informazioni, contatta il Titolare.<\/p>\n<p>I Dati Personali dell\u2019Utente potrebbero essere trasferiti in un paese diverso da quello in cui l\u2019Utente si trova. Per ottenere ulteriori informazioni sul luogo del trattamento l\u2019Utente pu\u00f2 fare riferimento alla sezione relativa ai dettagli sul trattamento dei Dati Personali.<\/p>\n<p>L\u2019Utente ha diritto a ottenere informazioni in merito alla base giuridica del trasferimento di Dati al di fuori dell\u2019Unione Europea o ad un\u2019organizzazione internazionale di diritto internazionale pubblico o costituita da due o pi\u00f9 paesi, come ad esempio l\u2019ONU, nonch\u00e9 in merito alle misure di sicurezza adottate dal Titolare per proteggere i Dati.<\/p>\n<p>Qualora abbia luogo uno dei trasferimenti appena descritti, l\u2019Utente pu\u00f2 fare riferimento alle rispettive sezioni di questo documento o chiedere informazioni al Titolare contattandolo agli estremi riportati in apertura.<\/p>\n<p><b>Periodo di conservazione<\/b><\/p>\n<p>I Dati sono trattati e conservati per il tempo richiesto dalle finalit\u00e0 per le quali sono stati raccolti.<\/p>\n<p>Pertanto:<\/p>\n<ul>\n<li>I Dati Personali raccolti per scopi collegati all\u2019esecuzione di un contratto tra il Titolare e l\u2019Utente saranno trattenuti sino a quando sia completata l\u2019esecuzione di tale contratto.<\/li>\n<li>I Dati Personali raccolti per finalit\u00e0 riconducibili all\u2019interesse legittimo del Titolare saranno trattenuti sino al soddisfacimento di tale interesse. L\u2019Utente pu\u00f2 ottenere ulteriori informazioni in merito all\u2019interesse legittimo perseguito dal Titolare nelle relative sezioni di questo documento o contattando il Titolare.<\/li>\n<\/ul>\n<p>Quando il trattamento \u00e8 basato sul consenso dell\u2019Utente, il Titolare pu\u00f2 conservare i Dati Personali pi\u00f9 a lungo sino a quando detto consenso non venga revocato. Inoltre il Titolare potrebbe essere obbligato a conservare i Dati Personali per un periodo pi\u00f9 lungo in ottemperanza ad un obbligo di legge o per ordine di un\u2019autorit\u00e0.<\/p>\n<p>Al termine del periodo di conservazioni i Dati Personali saranno cancellati. Pertanto, allo spirare di tale termine il diritto di accesso, cancellazione, rettificazione ed il diritto alla portabilit\u00e0 dei Dati non potranno pi\u00f9 essere esercitati.<\/p>\n<p><b>Finalit\u00e0 del Trattamento dei Dati raccolti<\/b><\/p>\n<p>I Dati dell\u2019Utente sono raccolti per consentire al Titolare di fornire i propri Servizi, cos\u00ec come per le seguenti finalit\u00e0: Statistica e Contattare l&#8217;Utente.<\/p>\n<p>Per ottenere ulteriori informazioni dettagliate sulle finalit\u00e0 del trattamento e sui Dati Personali concretamente rilevanti per ciascuna finalit\u00e0, l\u2019Utente pu\u00f2 fare riferimento alle relative sezioni di questo documento.<\/p>\n<p><b>Dettagli sul trattamento dei Dati Personali<\/b><\/p>\n<p>I Dati Personali sono raccolti per le seguenti finalit\u00e0 ed utilizzando i seguenti servizi:<\/p>\n<ul>\n<li><b><\/b><b> <\/b><b>Contattare l&#8217;Utente<\/b><\/li>\n<li><b><\/b><b> <\/b><b>Statistica<br \/>\n<\/b><\/li>\n<\/ul>\n<p><b>Diritti dell\u2019Utente<\/b><\/p>\n<p>Gli Utenti possono esercitare determinati diritti con riferimento ai Dati trattati dal Titolare.<\/p>\n<p>In particolare, l\u2019Utente ha il diritto di:<\/p>\n<ul>\n<li><b><\/b><b>revocare il consenso in ogni momento.<\/b> L\u2019Utente pu\u00f2 revocare il consenso al trattamento dei propri Dati Personali precedentemente espresso.<\/li>\n<li><b><\/b><b>opporsi al trattamento dei propri Dati.<\/b> L\u2019Utente pu\u00f2 opporsi al trattamento dei propri Dati quando esso avviene su una base giuridica diversa dal consenso. Ulteriori dettagli sul diritto di opposizione sono indicati nella sezione sottostante.<\/li>\n<li><b><\/b><b>accedere ai propri Dati.<\/b> L\u2019Utente ha diritto ad ottenere informazioni sui Dati trattati dal Titolare, su determinati aspetti del trattamento ed a ricevere una copia dei Dati trattati.<\/li>\n<li><b><\/b><b>verificare e chiedere la rettificazione.<\/b> L\u2019Utente pu\u00f2 verificare la correttezza dei propri Dati e richiederne l\u2019aggiornamento o la correzione.<\/li>\n<li><b><\/b><b>ottenere la limitazione del trattamento.<\/b> Quando ricorrono determinate condizioni, l\u2019Utente pu\u00f2 richiedere la limitazione del trattamento dei propri Dati. In tal caso il Titolare non tratter\u00e0 i Dati per alcun altro scopo se non la loro conservazione.<\/li>\n<li><b><\/b><b>ottenere la cancellazione o rimozione dei propri Dati Personali.<\/b> Quando ricorrono determinate condizioni, l\u2019Utente pu\u00f2 richiedere la cancellazione dei propri Dati da parte del Titolare.<\/li>\n<li><b><\/b><b>ricevere i propri Dati o farli trasferire ad altro titolare.<\/b> L\u2019Utente ha diritto di ricevere i propri Dati in formato strutturato, di uso comune e leggibile da dispositivo automatico e, ove tecnicamente fattibile, di ottenerne il trasferimento senza ostacoli ad un altro titolare. Questa disposizione \u00e8 applicabile quando i Dati sono trattati con strumenti automatizzati ed il trattamento \u00e8 basato sul consenso dell\u2019Utente, su un contratto di cui l\u2019Utente \u00e8 parte o su misure contrattuali ad esso connesse.<\/li>\n<li><b><\/b><b>proporre reclamo.<\/b> L\u2019Utente pu\u00f2 proporre un reclamo all\u2019autorit\u00e0 di controllo della protezione dei dati personali competente o agire in sede giudiziale.<\/li>\n<\/ul>\n<p><b>Dettagli sul diritto di opposizione<\/b><\/p>\n<p>Quando i Dati Personali sono trattati nell\u2019interesse pubblico, nell\u2019esercizio di pubblici poteri di cui \u00e8 investito il Titolare oppure per perseguire un interesse legittimo del Titolare, gli Utenti hanno diritto ad opporsi al trattamento per motivi connessi alla loro situazione particolare.<\/p>\n<p>Si fa presente agli Utenti che, ove i loro Dati fossero trattati con finalit\u00e0 di marketing diretto, possono opporsi al trattamento senza fornire alcuna motivazione. Per scoprire se il Titolare tratti dati con finalit\u00e0 di marketing diretto gli Utenti possono fare riferimento alle rispettive sezioni di questo documento.<\/p>\n<p><b>Come esercitare i diritti<\/b><\/p>\n<p>Per esercitare i diritti dell\u2019Utente, gli Utenti possono indirizzare una richiesta agli estremi di contatto del Titolare indicati in questo documento. Le richieste sono depositate a titolo gratuito e evase dal Titolare nel pi\u00f9 breve tempo possibile, in ogni caso entro un mese.<\/p>\n<p><b>Ulteriori informazioni sul trattamento<\/b><\/p>\n<p><b>Difesa in giudizio<\/b><\/p>\n<p>I Dati Personali dell\u2019Utente possono essere utilizzati da parte del Titolare in giudizio o nelle fasi preparatorie alla sua eventuale instaurazione per la difesa da abusi nell&#8217;utilizzo di questa Applicazione o dei Servizi connessi da parte dell\u2019Utente.<\/p>\n<p>L\u2019Utente dichiara di essere consapevole che il Titolare potrebbe essere obbligato a rivelare i Dati per ordine delle autorit\u00e0 pubbliche.<\/p>\n<p><b>Informative specifiche<\/b><\/p>\n<p>Su richiesta dell\u2019Utente, in aggiunta alle informazioni contenute in questa privacy policy, questa Applicazione potrebbe fornire all&#8217;Utente delle informative aggiuntive e contestuali riguardanti Servizi specifici, o la raccolta ed il trattamento di Dati Personali.<\/p>\n<p><b>Log di sistema e manutenzione<\/b><\/p>\n<p>Per necessit\u00e0 legate al funzionamento ed alla manutenzione, questa Applicazione e gli eventuali servizi terzi da essa utilizzati potrebbero raccogliere Log di sistema, ossia file che registrano le interazioni e che possono contenere anche Dati Personali, quali l\u2019indirizzo IP Utente.<\/p>\n<p><b>Informazioni non contenute in questa policy<\/b><\/p>\n<p>Ulteriori informazioni in relazione al trattamento dei Dati Personali potranno essere richieste in qualsiasi momento al Titolare del Trattamento utilizzando gli estremi di contatto.<\/p>\n<p><b>Risposta alle richieste \u201eDo Not Track\u201d<\/b><\/p>\n<p>Questa Applicazione non supporta le richieste \u201cDo Not Track\u201d.<\/p>\n<p>Per scoprire se gli eventuali servizi di terze parti utilizzati le supportino, l&#8217;Utente \u00e8 invitato a consultare le rispettive privacy policy.<\/p>\n<p><b>Modifiche a questa privacy policy<\/b><\/p>\n<p>Il Titolare del Trattamento si riserva il diritto di apportare modifiche alla presente privacy policy in qualunque momento dandone informazione agli Utenti su questa pagina e, se possibile, su questa Applicazione nonch\u00e9, qualora tecnicamente e legalmente fattibile, inviando una notifica agli Utenti attraverso uno degli estremi di contatto di cui \u00e8 in possesso il Titolare . Si prega dunque di consultare regolarmente questa pagina, facendo riferimento alla data di ultima modifica indicata in fondo.<\/p>\n<p>Qualora le modifiche interessino trattamenti la cui base giuridica \u00e8 il consenso, il Titolare provveder\u00e0 a raccogliere nuovamente il consenso dell\u2019Utente, se necessario.<\/p>\n<p><b>Titolare del Trattamento dei Dati<\/b><\/p>\n<p>LUISA ACTIS CAPORALE<span class=\"Apple-converted-space\">\u00a0<\/span><br \/>\nc\/o Artedanza Srl<span class=\"Apple-converted-space\">\u00a0<\/span><br \/>\nVia Panfilo Castaldi 8<span class=\"Apple-converted-space\">\u00a0<\/span><br \/>\n20124 Milano<\/p>\n<p><b>Indirizzo email del Titolare:<\/b> tiziana@robertobolle.com<\/p>\n","protected":false},"excerpt":{"rendered":"<p>Privacy Policy di www.robertobolle.com Informativa ai sensi del REGOLAMENTO (UE) 2016\/679 DEL PARLAMENTO EUROPEO E DEL CONSIGLIO del 27 aprile [&hellip;]<\/p>\n","protected":false},"author":4,"featured_media":0,"parent":0,"menu_order":0,"comment_status":"closed","ping_status":"closed","template":"","meta":{"_acf_changed":false,"footnotes":""},"class_list":["post-3420","page","type-page","status-publish","hentry"],"acf":[],"publishpress_future_action":{"enabled":false,"date":"2026-04-25 10:24:53","action":"change-status","newStatus":"draft","terms":[],"taxonomy":"translation_priority"},"_links":{"self":[{"href":"https:\/\/robertobolle.com\/it\/wp-json\/wp\/v2\/pages\/3420","targetHints":{"allow":["GET"]}}],"collection":[{"href":"https:\/\/robertobolle.com\/it\/wp-json\/wp\/v2\/pages"}],"about":[{"href":"https:\/\/robertobolle.com\/it\/wp-json\/wp\/v2\/types\/page"}],"author":[{"embeddable":true,"href":"https:\/\/robertobolle.com\/it\/wp-json\/wp\/v2\/users\/4"}],"replies":[{"embeddable":true,"href":"https:\/\/robertobolle.com\/it\/wp-json\/wp\/v2\/comments?post=3420"}],"version-history":[{"count":4,"href":"https:\/\/robertobolle.com\/it\/wp-json\/wp\/v2\/pages\/3420\/revisions"}],"predecessor-version":[{"id":5999,"href":"https:\/\/robertobolle.com\/it\/wp-json\/wp\/v2\/pages\/3420\/revisions\/5999"}],"wp:attachment":[{"href":"https:\/\/robertobolle.com\/it\/wp-json\/wp\/v2\/media?parent=3420"}],"curies":[{"name":"wp","href":"https:\/\/api.w.org\/{rel}","templated":true}]}}