{"id":86252,"date":"2020-11-18T10:21:50","date_gmt":"2020-11-18T10:21:50","guid":{"rendered":"https:\/\/rb.ondance.it\/agenda-2021\/"},"modified":"2024-01-16T09:26:55","modified_gmt":"2024-01-16T08:26:55","slug":"agenda-2021","status":"publish","type":"page","link":"https:\/\/robertobolle.com\/it\/agenda-2021\/","title":{"rendered":"Agenda 2021"},"content":{"rendered":"<div class=\"wpb-content-wrapper\"><p>[vc_row row_height_percent=&#8221;0&#8243; overlay_alpha=&#8221;50&#8243; gutter_size=&#8221;3&#8243; column_width_percent=&#8221;100&#8243; shift_y=&#8221;0&#8243; z_index=&#8221;0&#8243; enable_bottom_divider=&#8221;default&#8221; bottom_divider=&#8221;gradient&#8221; shape_bottom_h_use_pixel=&#8221;&#8221; shape_bottom_height=&#8221;50&#8243; shape_bottom_color=&#8221;color-nhtu&#8221; shape_bottom_opacity=&#8221;11&#8243; shape_bottom_index=&#8221;0&#8243; css=&#8221;.vc_custom_1625597765586{margin-top: 20px !important;border-top-width: 0px !important;border-right-width: 0px !important;border-bottom-width: 0px !important;border-left-width: 0px !important;}&#8221;][vc_column column_width_percent=&#8221;100&#8243; position_vertical=&#8221;bottom&#8221; gutter_size=&#8221;3&#8243; overlay_alpha=&#8221;50&#8243; shift_x=&#8221;0&#8243; shift_y=&#8221;0&#8243; shift_y_down=&#8221;0&#8243; z_index=&#8221;0&#8243; medium_width=&#8221;0&#8243; mobile_width=&#8221;0&#8243; width=&#8221;1\/2&#8243;][vc_single_image media=&#8221;10760&#8243; media_width_percent=&#8221;100&#8243; advanced=&#8221;yes&#8221; media_items=&#8221;media|original&#8221; media_overlay_color=&#8221;color-nhtu&#8221; media_overlay_coloration=&#8221;top_gradient&#8221; media_overlay_opacity=&#8221;50&#8243; media_overlay_visible=&#8221;yes&#8221; media_text_visible=&#8221;yes&#8221; media_v_position=&#8221;top&#8221; media_padding=&#8221;2&#8243; text_lead=&#8221;small&#8221; media_icon=&#8221;fa fa-calendar-full&#8221; media_title_custom=&#8221;Prossimi eventi&#8221;][\/vc_column][vc_column width=&#8221;1\/2&#8243;][vc_column_text]<\/p>\n<h2 style=\"text-align: left;\">Roma<\/h2>\n<p>Roberto Bolle and Friends[\/vc_column_text][vc_icon position=&#8221;left&#8221; title_aligned_icon=&#8221;yes&#8221; icon=&#8221;fa fa-map-marker2&#8243; background_style=&#8221;fa-rounded&#8221; text_lead=&#8221;yes&#8221; uncode_shortcode_id=&#8221;409913&#8243;]<strong><a href=\"https:\/\/www.operaroma.it\/spettacoli\/roberto-bolle-and-friends-6\/\">Circo Massimo<\/a><\/strong>[\/vc_icon][vc_icon position=&#8221;left&#8221; icon=&#8221;fa fa-calendar-full&#8221; background_style=&#8221;fa-rounded&#8221; outline=&#8221;yes&#8221; text_lead=&#8221;small&#8221; uncode_shortcode_id=&#8221;135079&#8243;]<strong>Marted\u00ec <\/strong>13 luglio<br \/>\n<strong>Mercoled\u00ec<\/strong>\u00a014 luglio<br \/>\n<strong>Gioved\u00ec<\/strong>\u00a015 luglio[\/vc_icon][\/vc_column][\/vc_row][vc_row row_height_percent=&#8221;0&#8243; overlay_alpha=&#8221;50&#8243; gutter_size=&#8221;3&#8243; column_width_percent=&#8221;100&#8243; shift_y=&#8221;0&#8243; z_index=&#8221;0&#8243; enable_bottom_divider=&#8221;default&#8221; bottom_divider=&#8221;gradient&#8221; shape_bottom_h_use_pixel=&#8221;&#8221; shape_bottom_height=&#8221;50&#8243; shape_bottom_color=&#8221;color-nhtu&#8221; shape_bottom_opacity=&#8221;11&#8243; shape_bottom_index=&#8221;0&#8243; css=&#8221;.vc_custom_1625597765586{margin-top: 20px !important;border-top-width: 0px !important;border-right-width: 0px !important;border-bottom-width: 0px !important;border-left-width: 0px !important;}&#8221;][vc_column column_width_percent=&#8221;100&#8243; position_vertical=&#8221;bottom&#8221; gutter_size=&#8221;3&#8243; overlay_alpha=&#8221;50&#8243; shift_x=&#8221;0&#8243; shift_y=&#8221;0&#8243; shift_y_down=&#8221;0&#8243; z_index=&#8221;0&#8243; medium_width=&#8221;0&#8243; mobile_width=&#8221;0&#8243; width=&#8221;1\/2&#8243;][vc_single_image media=&#8221;9591&#8243; media_width_percent=&#8221;100&#8243; advanced=&#8221;yes&#8221; media_items=&#8221;media|original&#8221; media_overlay_color=&#8221;color-nhtu&#8221; media_overlay_coloration=&#8221;top_gradient&#8221; media_overlay_opacity=&#8221;50&#8243; media_overlay_visible=&#8221;yes&#8221; media_text_visible=&#8221;yes&#8221; media_v_position=&#8221;top&#8221; media_padding=&#8221;2&#8243; text_lead=&#8221;small&#8221; media_icon=&#8221;fa fa-calendar-full&#8221; media_title_custom=&#8221;Prossimi eventi&#8221;][\/vc_column][vc_column width=&#8221;1\/2&#8243;][vc_column_text]<\/p>\n<h2 style=\"text-align: left;\">Firenze<\/h2>\n<p>Roberto Bolle and Friends[\/vc_column_text][vc_icon position=&#8221;left&#8221; title_aligned_icon=&#8221;yes&#8221; icon=&#8221;fa fa-map-marker2&#8243; background_style=&#8221;fa-rounded&#8221; text_lead=&#8221;yes&#8221; uncode_shortcode_id=&#8221;129722&#8243;]<strong><a href=\"https:\/\/www.ticketone.it\/artist\/roberto-bolle\/#calendar-start=2021-03\">Piazza SS. Annunziata<\/a><\/strong>[\/vc_icon][vc_icon position=&#8221;left&#8221; icon=&#8221;fa fa-calendar-full&#8221; background_style=&#8221;fa-rounded&#8221; outline=&#8221;yes&#8221; text_lead=&#8221;small&#8221; uncode_shortcode_id=&#8221;152399&#8243;]<strong>Sabato<\/strong>\u00a017 luglio[\/vc_icon][\/vc_column][\/vc_row][vc_row row_height_percent=&#8221;0&#8243; overlay_alpha=&#8221;50&#8243; gutter_size=&#8221;3&#8243; column_width_percent=&#8221;100&#8243; shift_y=&#8221;0&#8243; z_index=&#8221;0&#8243; enable_bottom_divider=&#8221;default&#8221; bottom_divider=&#8221;gradient&#8221; shape_bottom_h_use_pixel=&#8221;&#8221; shape_bottom_height=&#8221;50&#8243; shape_bottom_color=&#8221;color-nhtu&#8221; shape_bottom_opacity=&#8221;11&#8243; shape_bottom_index=&#8221;0&#8243; css=&#8221;.vc_custom_1625597765586{margin-top: 20px !important;border-top-width: 0px !important;border-right-width: 0px !important;border-bottom-width: 0px !important;border-left-width: 0px !important;}&#8221;][vc_column column_width_percent=&#8221;100&#8243; position_vertical=&#8221;bottom&#8221; gutter_size=&#8221;3&#8243; overlay_alpha=&#8221;50&#8243; shift_x=&#8221;0&#8243; shift_y=&#8221;0&#8243; shift_y_down=&#8221;0&#8243; z_index=&#8221;0&#8243; medium_width=&#8221;0&#8243; mobile_width=&#8221;0&#8243; width=&#8221;1\/2&#8243;][vc_single_image media=&#8221;10895&#8243; media_width_percent=&#8221;100&#8243; advanced=&#8221;yes&#8221; media_items=&#8221;media|original&#8221; media_overlay_color=&#8221;color-nhtu&#8221; media_overlay_coloration=&#8221;top_gradient&#8221; media_overlay_opacity=&#8221;50&#8243; media_overlay_visible=&#8221;yes&#8221; media_text_visible=&#8221;yes&#8221; media_v_position=&#8221;top&#8221; media_padding=&#8221;2&#8243; text_lead=&#8221;small&#8221; media_icon=&#8221;fa fa-calendar-full&#8221; media_title_custom=&#8221;Prossimi eventi&#8221;][\/vc_column][vc_column width=&#8221;1\/2&#8243;][vc_column_text]<\/p>\n<h2 style=\"text-align: left;\">Napa Valley (California)<\/h2>\n<p>Roberto Bolle and Friends[\/vc_column_text][vc_icon position=&#8221;left&#8221; title_aligned_icon=&#8221;yes&#8221; icon=&#8221;fa fa-map-marker2&#8243; background_style=&#8221;fa-rounded&#8221; text_lead=&#8221;yes&#8221; uncode_shortcode_id=&#8221;157282&#8243;]<strong><a href=\"https:\/\/festivalnapavalley.org\/2021-summer-season\/dance-gala-roberto-bolle-and-friends\/\">Charles Krug<\/a><\/strong>[\/vc_icon][vc_icon position=&#8221;left&#8221; icon=&#8221;fa fa-calendar-full&#8221; background_style=&#8221;fa-rounded&#8221; outline=&#8221;yes&#8221; text_lead=&#8221;small&#8221; uncode_shortcode_id=&#8221;165800&#8243;]<strong>Venerd\u00ec<\/strong>\u00a023 luglio[\/vc_icon][\/vc_column][\/vc_row][vc_row row_height_percent=&#8221;0&#8243; overlay_alpha=&#8221;50&#8243; gutter_size=&#8221;3&#8243; column_width_percent=&#8221;100&#8243; shift_y=&#8221;0&#8243; z_index=&#8221;0&#8243; enable_bottom_divider=&#8221;default&#8221; bottom_divider=&#8221;gradient&#8221; shape_bottom_h_use_pixel=&#8221;&#8221; shape_bottom_height=&#8221;50&#8243; shape_bottom_color=&#8221;color-nhtu&#8221; shape_bottom_opacity=&#8221;11&#8243; shape_bottom_index=&#8221;0&#8243; css=&#8221;.vc_custom_1625597765586{margin-top: 20px !important;border-top-width: 0px !important;border-right-width: 0px !important;border-bottom-width: 0px !important;border-left-width: 0px !important;}&#8221;][vc_column column_width_percent=&#8221;100&#8243; position_vertical=&#8221;bottom&#8221; gutter_size=&#8221;3&#8243; overlay_alpha=&#8221;50&#8243; shift_x=&#8221;0&#8243; shift_y=&#8221;0&#8243; shift_y_down=&#8221;0&#8243; z_index=&#8221;0&#8243; medium_width=&#8221;0&#8243; mobile_width=&#8221;0&#8243; width=&#8221;1\/2&#8243;][vc_single_image media=&#8221;9593&#8243; media_width_percent=&#8221;100&#8243; advanced=&#8221;yes&#8221; media_items=&#8221;media|original&#8221; media_overlay_color=&#8221;color-nhtu&#8221; media_overlay_coloration=&#8221;top_gradient&#8221; media_overlay_opacity=&#8221;50&#8243; media_overlay_visible=&#8221;yes&#8221; media_text_visible=&#8221;yes&#8221; media_v_position=&#8221;top&#8221; media_padding=&#8221;2&#8243; text_lead=&#8221;small&#8221; media_icon=&#8221;fa fa-calendar-full&#8221; media_title_custom=&#8221;Prossimi eventi&#8221; uncode_shortcode_id=&#8221;818530&#8243; media_overlay_color_type=&#8221;uncode-palette&#8221;][\/vc_column][vc_column width=&#8221;1\/2&#8243;][vc_column_text]<\/p>\n<h2 style=\"text-align: left;\">Verona<\/h2>\n<p>Roberto Bolle and Friends[\/vc_column_text][vc_icon position=&#8221;left&#8221; title_aligned_icon=&#8221;yes&#8221; icon=&#8221;fa fa-map-marker2&#8243; background_style=&#8221;fa-rounded&#8221; text_lead=&#8221;yes&#8221; uncode_shortcode_id=&#8221;443717&#8243;]<strong><a href=\"https:\/\/www.arena.it\/arena\/it\/shows\/roberto-bolle-and-friends-2021.html\">Arena di Verona<\/a><\/strong>[\/vc_icon][vc_icon position=&#8221;left&#8221; icon=&#8221;fa fa-calendar-full&#8221; background_style=&#8221;fa-rounded&#8221; outline=&#8221;yes&#8221; text_lead=&#8221;small&#8221; uncode_shortcode_id=&#8221;495597&#8243;]<strong>Luned\u00ec<\/strong>\u00a02 agosto<br \/>\n<strong>Marted\u00ec<\/strong>\u00a03 agosto[\/vc_icon][\/vc_column][\/vc_row][vc_row row_height_percent=&#8221;0&#8243; overlay_alpha=&#8221;50&#8243; gutter_size=&#8221;3&#8243; column_width_percent=&#8221;100&#8243; shift_y=&#8221;0&#8243; z_index=&#8221;0&#8243; enable_bottom_divider=&#8221;default&#8221; bottom_divider=&#8221;gradient&#8221; shape_bottom_h_use_pixel=&#8221;&#8221; shape_bottom_height=&#8221;50&#8243; shape_bottom_color=&#8221;color-nhtu&#8221; shape_bottom_opacity=&#8221;11&#8243; shape_bottom_index=&#8221;0&#8243; css=&#8221;.vc_custom_1625597765586{margin-top: 20px !important;border-top-width: 0px !important;border-right-width: 0px !important;border-bottom-width: 0px !important;border-left-width: 0px !important;}&#8221;][vc_column column_width_percent=&#8221;100&#8243; position_vertical=&#8221;bottom&#8221; gutter_size=&#8221;3&#8243; overlay_alpha=&#8221;50&#8243; shift_x=&#8221;0&#8243; shift_y=&#8221;0&#8243; shift_y_down=&#8221;0&#8243; z_index=&#8221;0&#8243; medium_width=&#8221;0&#8243; mobile_width=&#8221;0&#8243; width=&#8221;1\/2&#8243;][vc_single_image media=&#8221;10767&#8243; media_width_percent=&#8221;100&#8243; advanced=&#8221;yes&#8221; media_items=&#8221;media|original&#8221; media_overlay_color=&#8221;color-nhtu&#8221; media_overlay_coloration=&#8221;top_gradient&#8221; media_overlay_opacity=&#8221;50&#8243; media_overlay_visible=&#8221;yes&#8221; media_text_visible=&#8221;yes&#8221; media_v_position=&#8221;top&#8221; media_padding=&#8221;2&#8243; text_lead=&#8221;small&#8221; media_icon=&#8221;fa fa-calendar-full&#8221; media_title_custom=&#8221;Prossimi eventi&#8221; uncode_shortcode_id=&#8221;104396&#8243; media_overlay_color_type=&#8221;uncode-palette&#8221;][\/vc_column][vc_column width=&#8221;1\/2&#8243;][vc_column_text]<\/p>\n<h2 style=\"text-align: left;\">Lacoste (France)<\/h2>\n<p>Danse des Galaxies[\/vc_column_text][vc_icon position=&#8221;left&#8221; title_aligned_icon=&#8221;yes&#8221; icon=&#8221;fa fa-map-marker2&#8243; background_style=&#8221;fa-rounded&#8221; text_lead=&#8221;yes&#8221; uncode_shortcode_id=&#8221;301686&#8243;]<strong><a href=\"https:\/\/www.festivaldelacoste.com\/sichocsochic\">Th\u00e9\u00e2tre des Carri\u00e8res<\/a><\/strong>[\/vc_icon][vc_icon position=&#8221;left&#8221; icon=&#8221;fa fa-calendar-full&#8221; background_style=&#8221;fa-rounded&#8221; outline=&#8221;yes&#8221; text_lead=&#8221;small&#8221; uncode_shortcode_id=&#8221;774154&#8243;]<strong>Mercoled\u00ec<\/strong>\u00a011 agosto[\/vc_icon][\/vc_column][\/vc_row][vc_row row_height_percent=&#8221;0&#8243; overlay_alpha=&#8221;50&#8243; gutter_size=&#8221;3&#8243; column_width_percent=&#8221;100&#8243; shift_y=&#8221;0&#8243; z_index=&#8221;0&#8243; enable_bottom_divider=&#8221;default&#8221; bottom_divider=&#8221;gradient&#8221; shape_bottom_h_use_pixel=&#8221;&#8221; shape_bottom_height=&#8221;50&#8243; shape_bottom_color=&#8221;color-nhtu&#8221; shape_bottom_opacity=&#8221;11&#8243; shape_bottom_index=&#8221;0&#8243; css=&#8221;.vc_custom_1625597765586{margin-top: 20px !important;border-top-width: 0px !important;border-right-width: 0px !important;border-bottom-width: 0px !important;border-left-width: 0px !important;}&#8221;][vc_column column_width_percent=&#8221;100&#8243; position_vertical=&#8221;bottom&#8221; gutter_size=&#8221;3&#8243; overlay_alpha=&#8221;50&#8243; shift_x=&#8221;0&#8243; shift_y=&#8221;0&#8243; shift_y_down=&#8221;0&#8243; z_index=&#8221;0&#8243; medium_width=&#8221;0&#8243; mobile_width=&#8221;0&#8243; width=&#8221;1\/2&#8243;][vc_single_image media=&#8221;86641&#8243; media_width_percent=&#8221;100&#8243; advanced=&#8221;yes&#8221; media_items=&#8221;media|original&#8221; media_overlay_color=&#8221;color-nhtu&#8221; media_overlay_coloration=&#8221;top_gradient&#8221; media_overlay_opacity=&#8221;50&#8243; media_overlay_visible=&#8221;yes&#8221; media_text_visible=&#8221;yes&#8221; media_v_position=&#8221;top&#8221; media_padding=&#8221;2&#8243; text_lead=&#8221;small&#8221; media_icon=&#8221;fa fa-calendar-full&#8221; uncode_shortcode_id=&#8221;102745&#8243; media_overlay_color_type=&#8221;uncode-palette&#8221;][\/vc_column][vc_column width=&#8221;1\/2&#8243;][vc_column_text uncode_shortcode_id=&#8221;156708&#8243;]<\/p>\n<h2 style=\"text-align: left;\">Milano<\/h2>\n<p>L\u2019Opera Meravigliosa. Roberto Bolle per il Duomo di Milano.[\/vc_column_text][vc_icon position=&#8221;left&#8221; title_aligned_icon=&#8221;yes&#8221; icon=&#8221;fa fa-map-marker2&#8243; background_style=&#8221;fa-rounded&#8221; text_lead=&#8221;yes&#8221; uncode_shortcode_id=&#8221;141693&#8243;]<strong>Estate Sforzesca<\/strong>[\/vc_icon][vc_icon position=&#8221;left&#8221; icon=&#8221;fa fa-calendar-full&#8221; background_style=&#8221;fa-rounded&#8221; outline=&#8221;yes&#8221; text_lead=&#8221;small&#8221; uncode_shortcode_id=&#8221;193804&#8243;]<strong>Marted\u00ec <\/strong>7 settembre<strong><br \/>\n<\/strong>[\/vc_icon][\/vc_column][\/vc_row][vc_row row_height_percent=&#8221;0&#8243; overlay_alpha=&#8221;50&#8243; gutter_size=&#8221;3&#8243; column_width_percent=&#8221;100&#8243; shift_y=&#8221;0&#8243; z_index=&#8221;0&#8243; enable_bottom_divider=&#8221;default&#8221; bottom_divider=&#8221;gradient&#8221; shape_bottom_h_use_pixel=&#8221;&#8221; shape_bottom_height=&#8221;50&#8243; shape_bottom_color=&#8221;color-nhtu&#8221; shape_bottom_opacity=&#8221;11&#8243; shape_bottom_index=&#8221;0&#8243; css=&#8221;.vc_custom_1625597765586{margin-top: 20px !important;border-top-width: 0px !important;border-right-width: 0px !important;border-bottom-width: 0px !important;border-left-width: 0px !important;}&#8221;][vc_column column_width_percent=&#8221;100&#8243; position_vertical=&#8221;bottom&#8221; gutter_size=&#8221;3&#8243; overlay_alpha=&#8221;50&#8243; shift_x=&#8221;0&#8243; shift_y=&#8221;0&#8243; shift_y_down=&#8221;0&#8243; z_index=&#8221;0&#8243; medium_width=&#8221;0&#8243; mobile_width=&#8221;0&#8243; width=&#8221;1\/2&#8243;][vc_single_image media=&#8221;9586&#8243; media_width_percent=&#8221;100&#8243; advanced=&#8221;yes&#8221; media_items=&#8221;media|original,icon,title&#8221; media_overlay_color=&#8221;color-nhtu&#8221; media_overlay_coloration=&#8221;top_gradient&#8221; media_overlay_opacity=&#8221;50&#8243; media_overlay_visible=&#8221;yes&#8221; media_text_visible=&#8221;yes&#8221; media_v_position=&#8221;top&#8221; media_padding=&#8221;2&#8243; text_lead=&#8221;small&#8221; media_icon=&#8221;fa fa-calendar-full&#8221; media_title_custom=&#8221;Prossimi eventi&#8221;][\/vc_column][vc_column width=&#8221;1\/2&#8243;][vc_column_text]<\/p>\n<h2 style=\"text-align: left;\">Bologna<\/h2>\n<p>Roberto Bolle and Friends[\/vc_column_text][vc_icon position=&#8221;left&#8221; title_aligned_icon=&#8221;yes&#8221; icon=&#8221;fa fa-map-marker2&#8243; background_style=&#8221;fa-rounded&#8221; text_lead=&#8221;yes&#8221; uncode_shortcode_id=&#8221;353910&#8243;]<strong><a href=\"https:\/\/www.ticketone.it\/artist\/roberto-bolle\/#calendar-start=2021-03\" target=\"_blank\" rel=\"noopener noreferrer\">Teatro EuropAuditorium<\/a><\/strong>[\/vc_icon][vc_icon position=&#8221;left&#8221; icon=&#8221;fa fa-calendar-full&#8221; background_style=&#8221;fa-rounded&#8221; outline=&#8221;yes&#8221; text_lead=&#8221;small&#8221; uncode_shortcode_id=&#8221;129472&#8243;]<strong>Domenica<\/strong>\u00a03 ottobre<strong><br \/>\nLuned\u00ec<\/strong>\u00a04 ottobre<strong><br \/>\nMarted\u00ec<\/strong>\u00a05 ottobre[\/vc_icon][vc_column_text uncode_shortcode_id=&#8221;121937&#8243;]<\/p>\n<h4>RIPROGRAMMATO A FEBBRAIO 2022<\/h4>\n<p>[\/vc_column_text][\/vc_column][\/vc_row][vc_row row_height_percent=&#8221;0&#8243; overlay_alpha=&#8221;50&#8243; gutter_size=&#8221;3&#8243; column_width_percent=&#8221;100&#8243; shift_y=&#8221;0&#8243; z_index=&#8221;0&#8243; enable_bottom_divider=&#8221;default&#8221; bottom_divider=&#8221;gradient&#8221; shape_bottom_h_use_pixel=&#8221;&#8221; shape_bottom_height=&#8221;50&#8243; shape_bottom_color=&#8221;color-nhtu&#8221; shape_bottom_opacity=&#8221;11&#8243; shape_bottom_index=&#8221;0&#8243; css=&#8221;.vc_custom_1625597765586{margin-top: 20px !important;border-top-width: 0px !important;border-right-width: 0px !important;border-bottom-width: 0px !important;border-left-width: 0px !important;}&#8221;][vc_column column_width_percent=&#8221;100&#8243; position_vertical=&#8221;bottom&#8221; gutter_size=&#8221;3&#8243; overlay_alpha=&#8221;50&#8243; shift_x=&#8221;0&#8243; shift_y=&#8221;0&#8243; shift_y_down=&#8221;0&#8243; z_index=&#8221;0&#8243; medium_width=&#8221;0&#8243; mobile_width=&#8221;0&#8243; width=&#8221;1\/2&#8243;][vc_single_image media=&#8221;86653&#8243; media_width_percent=&#8221;100&#8243; advanced=&#8221;yes&#8221; media_items=&#8221;media|original&#8221; media_overlay_color=&#8221;color-nhtu&#8221; media_overlay_coloration=&#8221;top_gradient&#8221; media_overlay_opacity=&#8221;50&#8243; media_overlay_visible=&#8221;yes&#8221; media_text_visible=&#8221;yes&#8221; media_v_position=&#8221;top&#8221; media_padding=&#8221;2&#8243; text_lead=&#8221;small&#8221; media_icon=&#8221;fa fa-calendar-full&#8221; uncode_shortcode_id=&#8221;178219&#8243; media_overlay_color_type=&#8221;uncode-palette&#8221;][\/vc_column][vc_column width=&#8221;1\/2&#8243;][vc_column_text uncode_shortcode_id=&#8221;262834&#8243;]<\/p>\n<h2 style=\"text-align: left;\">Milano<\/h2>\n<p>Madina[\/vc_column_text][vc_icon position=&#8221;left&#8221; title_aligned_icon=&#8221;yes&#8221; icon=&#8221;fa fa-map-marker2&#8243; background_style=&#8221;fa-rounded&#8221; text_lead=&#8221;yes&#8221; uncode_shortcode_id=&#8221;138693&#8243;]<strong><a href=\"https:\/\/teatroallascala.ticketone.it\/ticketshop\/webticket\/eventlist?production=622\">Teatro alla Scala<\/a><\/strong>[\/vc_icon][vc_icon position=&#8221;left&#8221; icon=&#8221;fa fa-calendar-full&#8221; background_style=&#8221;fa-rounded&#8221; outline=&#8221;yes&#8221; text_lead=&#8221;small&#8221; uncode_shortcode_id=&#8221;117552&#8243;]<strong>Venerd\u00ec<\/strong>\u00a0 1 ottobre<\/p>\n<p><strong>Gioved\u00ec<\/strong>\u00a07 ottobre<\/p>\n<p><strong>Marted\u00ec<\/strong>\u00a012 ottobre<\/p>\n<p><strong>Gioved\u00ec<\/strong>\u00a014 ottobre<\/p>\n<p><strong>\u00a0<\/strong>[\/vc_icon][\/vc_column][\/vc_row]<\/p>\n<\/div>","protected":false},"excerpt":{"rendered":"<p>[vc_row row_height_percent=&#8221;0&#8243; overlay_alpha=&#8221;50&#8243; gutter_size=&#8221;3&#8243; column_width_percent=&#8221;100&#8243; shift_y=&#8221;0&#8243; z_index=&#8221;0&#8243; enable_bottom_divider=&#8221;default&#8221; bottom_divider=&#8221;gradient&#8221; shape_bottom_h_use_pixel=&#8221;&#8221; shape_bottom_height=&#8221;50&#8243; shape_bottom_color=&#8221;color-nhtu&#8221; shape_bottom_opacity=&#8221;11&#8243; shape_bottom_index=&#8221;0&#8243; css=&#8221;.vc_custom_1625597765586{margin-top: 20px !important;border-top-width: 0px !important;border-right-width: 0px [&hellip;]<\/p>\n","protected":false},"author":7,"featured_media":0,"parent":0,"menu_order":0,"comment_status":"closed","ping_status":"closed","template":"","meta":{"_acf_changed":false,"footnotes":""},"class_list":["post-86252","page","type-page","status-publish","hentry"],"acf":[],"publishpress_future_action":{"enabled":false,"date":"2026-04-23 17:43:29","action":"change-status","newStatus":"draft","terms":[],"taxonomy":"translation_priority"},"_links":{"self":[{"href":"https:\/\/robertobolle.com\/it\/wp-json\/wp\/v2\/pages\/86252","targetHints":{"allow":["GET"]}}],"collection":[{"href":"https:\/\/robertobolle.com\/it\/wp-json\/wp\/v2\/pages"}],"about":[{"href":"https:\/\/robertobolle.com\/it\/wp-json\/wp\/v2\/types\/page"}],"author":[{"embeddable":true,"href":"https:\/\/robertobolle.com\/it\/wp-json\/wp\/v2\/users\/7"}],"replies":[{"embeddable":true,"href":"https:\/\/robertobolle.com\/it\/wp-json\/wp\/v2\/comments?post=86252"}],"version-history":[{"count":13,"href":"https:\/\/robertobolle.com\/it\/wp-json\/wp\/v2\/pages\/86252\/revisions"}],"predecessor-version":[{"id":89197,"href":"https:\/\/robertobolle.com\/it\/wp-json\/wp\/v2\/pages\/86252\/revisions\/89197"}],"wp:attachment":[{"href":"https:\/\/robertobolle.com\/it\/wp-json\/wp\/v2\/media?parent=86252"}],"curies":[{"name":"wp","href":"https:\/\/api.w.org\/{rel}","templated":true}]}}